{"id":2,"date":"2009-04-28T10:22:49","date_gmt":"2009-04-28T14:22:49","guid":{"rendered":"http:\/\/www.ksiazeksport.com\/polsports\/?page_id=2"},"modified":"2022-10-17T14:31:31","modified_gmt":"2022-10-17T18:31:31","slug":"info","status":"publish","type":"page","link":"https:\/\/www.ksiazeksport.com\/polsports\/info\/","title":{"rendered":"Kontakt"},"content":{"rendered":"<p style=\"text-align: center;\"><span style=\"color: #282828; font-size: 150%;\"><em>Kontakt z redakcj\u0105:<\/em><\/span><\/p>\n<p style=\"text-align: center;\"><span style=\"font-size: 150%; color: #282828;\"><strong>Wies\u0142aw Ksi\u0105\u017cek &#8211; redaktor serwisu<\/strong><\/span><\/p>\n<p style=\"text-align: center;\"><span style=\"font-size: 150%; color: #282828;\">email: polsports@yahoo.com<br \/>\ntelefon: (773) 597-5008<\/span><\/p>\n","protected":false},"excerpt":{"rendered":"<p>Kontakt z redakcj\u0105: Wies\u0142aw Ksi\u0105\u017cek &#8211; redaktor serwisu email: polsports@yahoo.com telefon: (773) 597-5008<\/p>\n","protected":false},"author":1,"featured_media":0,"parent":0,"menu_order":0,"comment_status":"closed","ping_status":"closed","template":"","meta":[],"_links":{"self":[{"href":"https:\/\/www.ksiazeksport.com\/polsports\/wp-json\/wp\/v2\/pages\/2"}],"collection":[{"href":"https:\/\/www.ksiazeksport.com\/polsports\/wp-json\/wp\/v2\/pages"}],"about":[{"href":"https:\/\/www.ksiazeksport.com\/polsports\/wp-json\/wp\/v2\/types\/page"}],"author":[{"embeddable":true,"href":"https:\/\/www.ksiazeksport.com\/polsports\/wp-json\/wp\/v2\/users\/1"}],"replies":[{"embeddable":true,"href":"https:\/\/www.ksiazeksport.com\/polsports\/wp-json\/wp\/v2\/comments?post=2"}],"version-history":[{"count":8,"href":"https:\/\/www.ksiazeksport.com\/polsports\/wp-json\/wp\/v2\/pages\/2\/revisions"}],"predecessor-version":[{"id":29994,"href":"https:\/\/www.ksiazeksport.com\/polsports\/wp-json\/wp\/v2\/pages\/2\/revisions\/29994"}],"wp:attachment":[{"href":"https:\/\/www.ksiazeksport.com\/polsports\/wp-json\/wp\/v2\/media?parent=2"}],"curies":[{"name":"wp","href":"https:\/\/api.w.org\/{rel}","templated":true}]}}